{"id":42,"date":"2024-08-30T15:45:53","date_gmt":"2024-08-30T15:45:53","guid":{"rendered":"https:\/\/culture-station.de\/?page_id=42"},"modified":"2025-02-20T10:29:27","modified_gmt":"2025-02-20T10:29:27","slug":"culture-station-als-kulturmotor","status":"publish","type":"page","link":"https:\/\/culture-station.de\/index.php\/culture-station-als-kulturmotor\/","title":{"rendered":"Culture Station als Kulturmotor"},"content":{"rendered":"<p>Inner City Storytelling ist eine Methode, den Mitmenschen etwas zu erz\u00e4hlen und dabei die Stadt als Medium zu benutzen. Es ist einfach die Weiterentwicklung der Idee, Schrift im \u00d6ffentlichen Raum unterzubringen. Heutzutage geschieht das nat\u00fcrlich mit technischer Hilfe: wir projizieren, stellen Bildschirme auf oder lassen Filme in Fensterfolien laufen.<\/p>\n<p>Meist wird dabei das Schaufenster genutzt, weil das sein nat\u00fcrlicher Einsatzbereich ist &#8211; es st\u00f6rt niemanden, das Publikum kennt es schon und freut sich \u00fcber jede Abwechslung. Zielgruppe ist einfach die Kundschaft.<\/p>\n<p>Digital geht das nat\u00fcrlich wesentlich besser als mit lebloser Deko.<\/p>\n<p><img fetchpriority=\"high\" decoding=\"async\" class=\"alignnone size-full wp-image-62\" src=\"https:\/\/culture-station.de\/wp-content\/uploads\/2025\/02\/chat-GPT-schaufenster02.fw_.jpg\" alt=\"\" width=\"1024\" height=\"1024\" \/><\/p>\n<p>Kulturelle Aktionen, sogenannte &#8222;social inventions&#8220;, k\u00f6nnen das Ganze noch wesentlich beleben, weil das Publikum zum Mitmachen eingeladen ist: wenn es einen gr\u00f6\u00dferen Zusammenhang gibt, ordnet sich alles ein und hat einen Sinn. QR-Codes am Schaufenster k\u00f6nnen die Sache weiter beleben und geben dem Schaufenster echte Verkaufsfunktionen oder Schalter, die Videos oder Webseiten im Handy der Kundschaft starten.<\/p>\n<p>Solche Aktionen m\u00fcssen nat\u00fcrlich entwickelt werden, sind regional oder lokal angeschlossen und stehen oft mit Events oder Aktionen in Zusammenhang. Auch dies gibt es schon lange: Sommerschlussverkauf oder Supersamstag, Stadtfest oder Themenwoche.<\/p>\n<p>Wenn Computertechnik und Internet-Anbindung hinzu kommen, wird das Ganze &#8222;hyperlokal&#8220;. Verkaufsstellen haben dann ihren digitalen Zwilling im Internet, im einfachsten Fall ist das Schaufenster eng mit der Webseite verbunden.<\/p>\n<p>Culture Station ist daf\u00fcr da, solche Aktionen oder Veranstaltungen zu verbessern. Die Terminals oder Werbestationen k\u00f6nnen informieren, Kundenleitsysteme bilden, messen oder interaktiv sein, sie k\u00f6nnen Bewegtbild und Ton senden und sind \u00fcber das Internet fernsteuerbar, so dass die Leitstelle &#8211; zB strohm.IT &#8211; die Aktion von einem Einzelplatz aus lenken kann.<\/p>\n<p>Selbstverst\u00e4ndlich schulen wir auch st\u00e4dtische Veranstalter oder auch Beh\u00f6rden-Vertreter in der Hinsicht. Die Culture Stations k\u00f6nnen gemietet oder bleibend eingerichtet werden.<\/p>\n<p>Jedes Kind hat heute einen Hochleistungs-Computer in der Hosentasche. Es w\u00e4re n\u00fctzlich, die Innenstadt ebenfalls technisch aufzur\u00fcsten, wenn die Stadt den Kampf gegen das Smartphone nicht verlieren will.<\/p>\n<p>Anfragen jederzeit auf unserer <a href=\"https:\/\/www.strohm.it\/kontakt\/\">Kontaktseite<\/a>.<\/p>\n<p>&nbsp;<\/p>\n<p>&nbsp;<\/p>\n<p>&nbsp;<\/p>\n","protected":false},"excerpt":{"rendered":"<p>Inner City Storytelling ist eine Methode, den Mitmenschen etwas zu erz\u00e4hlen und dabei die Stadt als Medium zu benutzen. Es ist einfach die Weiterentwicklung der Idee, Schrift im \u00d6ffentlichen Raum unterzubringen. Heutzutage geschieht das nat\u00fcrlich mit technischer Hilfe: wir projizieren, stellen Bildschirme auf oder lassen Filme in Fensterfolien laufen. Meist wird dabei das Schaufenster genutzt, &hellip; <\/p>\n<p class=\"link-more\"><a href=\"https:\/\/culture-station.de\/index.php\/culture-station-als-kulturmotor\/\" class=\"more-link\"><span class=\"screen-reader-text\">\u201eCulture Station als Kulturmotor\u201c<\/span> weiterlesen<\/a><\/p>\n","protected":false},"author":1,"featured_media":0,"parent":0,"menu_order":0,"comment_status":"closed","ping_status":"closed","template":"","meta":{"footnotes":""},"class_list":["post-42","page","type-page","status-publish","hentry"],"_links":{"self":[{"href":"https:\/\/culture-station.de\/index.php\/wp-json\/wp\/v2\/pages\/42","targetHints":{"allow":["GET"]}}],"collection":[{"href":"https:\/\/culture-station.de\/index.php\/wp-json\/wp\/v2\/pages"}],"about":[{"href":"https:\/\/culture-station.de\/index.php\/wp-json\/wp\/v2\/types\/page"}],"author":[{"embeddable":true,"href":"https:\/\/culture-station.de\/index.php\/wp-json\/wp\/v2\/users\/1"}],"replies":[{"embeddable":true,"href":"https:\/\/culture-station.de\/index.php\/wp-json\/wp\/v2\/comments?post=42"}],"version-history":[{"count":2,"href":"https:\/\/culture-station.de\/index.php\/wp-json\/wp\/v2\/pages\/42\/revisions"}],"predecessor-version":[{"id":69,"href":"https:\/\/culture-station.de\/index.php\/wp-json\/wp\/v2\/pages\/42\/revisions\/69"}],"wp:attachment":[{"href":"https:\/\/culture-station.de\/index.php\/wp-json\/wp\/v2\/media?parent=42"}],"curies":[{"name":"wp","href":"https:\/\/api.w.org\/{rel}","templated":true}]}}