{"id":45,"date":"2024-09-04T15:03:48","date_gmt":"2024-09-04T15:03:48","guid":{"rendered":"https:\/\/culture-station.de\/?page_id=45"},"modified":"2025-02-20T10:29:53","modified_gmt":"2025-02-20T10:29:53","slug":"start-oktober-2024","status":"publish","type":"page","link":"https:\/\/culture-station.de\/","title":{"rendered":"Culture Home"},"content":{"rendered":"<h1>Innenstadt beleben, g\u00fcnstig werben, Image f\u00f6rdern!<\/h1>\n<p>Das Projekt Culture Station ist ein StartUp , das hyperlokale L\u00f6sungen f\u00fcr regionale Bekanntmachungen bietet. Culture Stations sind digitale Multimedia-Anzeigestationen, die ferngesteuerbar sind. Sie verf\u00fcgen \u00fcber Internet-Anschluss, k\u00f6nnen selbst\u00e4ndig und zeitgesteuert laufen und verbrauchen minimal Strom.<\/p>\n<p>In Schaufenstern, Innenr\u00e4umen oder auch auf Hausw\u00e4nden zeigen die Stationen als leuchtende Bewegtbilder Infos, Werbung und Kunst im Stadtraum.<\/p>\n<p><img fetchpriority=\"high\" decoding=\"async\" class=\"alignnone size-full wp-image-63\" src=\"https:\/\/culture-station.de\/wp-content\/uploads\/2025\/02\/chat-GPT-schaufenster03.fw_.jpg\" alt=\"\" width=\"1024\" height=\"1024\" \/><\/p>\n<p>&nbsp;<\/p>\n<p>&nbsp;<\/p>\n<p>Das Konzept ist eine Kooperation der rechtlich eigenst\u00e4ndigen <strong>Firmen <a href=\"https:\/\/strohm.it\">strohm IT<\/a><\/strong>, <a href=\"http:\/\/stacheder.art\"><strong>Atelier Stacheder<\/strong><\/a> und <a href=\"https:\/\/woblick.de\/\"><strong>Fotostudio Woblick<\/strong><\/a>.<\/p>\n<p>Au\u00dfer Informationen und Direktverkaufs-Funktionen bieten unsere Stationen ein reichhaltiges Angebot an Kultur-Inhalten regionaler K\u00fcnstler. So wird Ihr Schaufenster zum Hingucker und die Innenstadt zum lebendigen Museum.<\/p>\n<p><img decoding=\"async\" class=\"alignnone size-full wp-image-61\" src=\"https:\/\/culture-station.de\/wp-content\/uploads\/2025\/02\/chat-GPT-schaufenster01.fw_.jpg\" alt=\"\" width=\"1024\" height=\"1024\" \/><\/p>\n<p>Besuchen Sie auch unsere Partnerseite<\/p>\n<p><a href=\"https:\/\/www.strohm.it\/culture-station\/\">https:\/\/www.strohm.it\/culture-station\/<\/a><\/p>\n<p>Den Prospekt als PDF finden Sie hier:<\/p>\n<p><a href=\"http:\/\/www.strohm.it\/wp-content\/uploads\/2024\/09\/culture-station-prospekt-2024-08b.pdf\">http:\/\/www.strohm.it\/wp-content\/uploads\/2024\/09\/culture-station-prospekt-2024-08b.pdf<\/a><\/p>\n<p>&nbsp;<\/p>\n","protected":false},"excerpt":{"rendered":"<p>Innenstadt beleben, g\u00fcnstig werben, Image f\u00f6rdern! Das Projekt Culture Station ist ein StartUp , das hyperlokale L\u00f6sungen f\u00fcr regionale Bekanntmachungen bietet. Culture Stations sind digitale Multimedia-Anzeigestationen, die ferngesteuerbar sind. Sie verf\u00fcgen \u00fcber Internet-Anschluss, k\u00f6nnen selbst\u00e4ndig und zeitgesteuert laufen und verbrauchen minimal Strom. In Schaufenstern, Innenr\u00e4umen oder auch auf Hausw\u00e4nden zeigen die Stationen als leuchtende Bewegtbilder &hellip; <\/p>\n<p class=\"link-more\"><a href=\"https:\/\/culture-station.de\/\" class=\"more-link\"><span class=\"screen-reader-text\">\u201eCulture Home\u201c<\/span> weiterlesen<\/a><\/p>\n","protected":false},"author":1,"featured_media":0,"parent":0,"menu_order":0,"comment_status":"closed","ping_status":"closed","template":"","meta":{"footnotes":""},"class_list":["post-45","page","type-page","status-publish","hentry"],"_links":{"self":[{"href":"https:\/\/culture-station.de\/index.php\/wp-json\/wp\/v2\/pages\/45","targetHints":{"allow":["GET"]}}],"collection":[{"href":"https:\/\/culture-station.de\/index.php\/wp-json\/wp\/v2\/pages"}],"about":[{"href":"https:\/\/culture-station.de\/index.php\/wp-json\/wp\/v2\/types\/page"}],"author":[{"embeddable":true,"href":"https:\/\/culture-station.de\/index.php\/wp-json\/wp\/v2\/users\/1"}],"replies":[{"embeddable":true,"href":"https:\/\/culture-station.de\/index.php\/wp-json\/wp\/v2\/comments?post=45"}],"version-history":[{"count":6,"href":"https:\/\/culture-station.de\/index.php\/wp-json\/wp\/v2\/pages\/45\/revisions"}],"predecessor-version":[{"id":70,"href":"https:\/\/culture-station.de\/index.php\/wp-json\/wp\/v2\/pages\/45\/revisions\/70"}],"wp:attachment":[{"href":"https:\/\/culture-station.de\/index.php\/wp-json\/wp\/v2\/media?parent=45"}],"curies":[{"name":"wp","href":"https:\/\/api.w.org\/{rel}","templated":true}]}}